{"id":656,"date":"2024-12-09T10:10:41","date_gmt":"2024-12-09T10:10:41","guid":{"rendered":"https:\/\/hungarofondo.hu\/lime\/?page_id=656"},"modified":"2024-12-09T10:10:42","modified_gmt":"2024-12-09T10:10:42","slug":"hirek","status":"publish","type":"page","link":"https:\/\/limeapartment.hu\/index.php\/hirek\/","title":{"rendered":"H\u00edrek"},"content":{"rendered":"\n<div class=\"wp-block-columns alignwide is-layout-flex wp-container-core-columns-is-layout-1 wp-block-columns-is-layout-flex\">\n<div class=\"wp-block-column is-layout-flow wp-block-column-is-layout-flow\" style=\"flex-basis:100%\">\n\t\t\t<div class=\"wp-block-uagb-post-grid uagb-post-grid  uagb-post__image-position-top uagb-post__image-enabled uagb-block-2aaf19f1     uagb-post__items uagb-post__columns-3 is-grid uagb-post__columns-tablet-2 uagb-post__columns-mobile-1 uagb-post__equal-height\" data-total=\"1\" style=\"\">\n\n\t\t\t\t\t\t\t\t\t\t\t\t<article class=\"uagb-post__inner-wrap\">\t\t\t\t\t\t\t\t<h4 class=\"uagb-post__title uagb-post__text\">\n\t\t\t\t<a href=\"https:\/\/limeapartment.hu\/index.php\/2024\/12\/05\/szep-kartyat-elfogadunk\/\" target=\"_self\" rel=\"bookmark noopener noreferrer\">SZ\u00c9P-k\u00e1rty\u00e1t elfogadunk!<\/a>\n\t\t\t<\/h4>\n\t\t\t\t\t\t<div class='uagb-post__text uagb-post-grid-byline'>\n\t\t\t\t\t\t\t\t<time datetime=\"2024-12-05T13:57:32+00:00\" class=\"uagb-post__date\">\n\t\t\t\t<span class=\"dashicons-calendar dashicons\"><\/span>\t\t\t\t\t2024-12-05\t\t\t\t<\/time>\n\t\t\t\t\t\t\t<span class=\"uagb-post__comment\">\n\t\t\t\t<span class=\"dashicons-admin-comments dashicons\"><\/span>\t\t\t\t\tNincs hozz\u00e1sz\u00f3l\u00e1s\t\t\t\t<\/span>\n\t\t\t\t\t\t<\/div>\n\t\t\t\t\t\t\t<div class='uagb-post__text uagb-post__excerpt'>\n\t\t\t\t\t<p>Mostant\u00f3l m\u00e1r OTP SZ\u00c9P k\u00e1rty\u00e1val is fizetheti n\u00e1lunk sz\u00e1ll\u00e1s\u00e1t!<\/p>\n\t\t\t\t<\/div>\n\t\t\t\t\t\t<div class=\"uagb-post__text uagb-post__cta wp-block-button\">\n\t\t\t\t<a class=\"wp-block-button__link uagb-text-link\" style=\"\" href=\"https:\/\/limeapartment.hu\/index.php\/2024\/12\/05\/szep-kartyat-elfogadunk\/\" target=\"_self\" rel=\"bookmark noopener noreferrer\">R\u00e9szletek<\/a>\n\t\t\t<\/div>\n\t\t\t\n\t\t\t\t\t\t\t\t\t<\/article>\n\t\t\t\t\t\t\t\t\t\t\t\t\t\t\t\t<article class=\"uagb-post__inner-wrap\">\t\t\t\t\t\t\t\t<h4 class=\"uagb-post__title uagb-post__text\">\n\t\t\t\t<a href=\"https:\/\/limeapartment.hu\/index.php\/2024\/12\/05\/teli-ajanlat\/\" target=\"_self\" rel=\"bookmark noopener noreferrer\">T\u00e9li aj\u00e1nlat!<\/a>\n\t\t\t<\/h4>\n\t\t\t\t\t\t<div class='uagb-post__text uagb-post-grid-byline'>\n\t\t\t\t\t\t\t\t<time datetime=\"2024-12-05T13:38:38+00:00\" class=\"uagb-post__date\">\n\t\t\t\t<span class=\"dashicons-calendar dashicons\"><\/span>\t\t\t\t\t2024-12-05\t\t\t\t<\/time>\n\t\t\t\t\t\t\t<span class=\"uagb-post__comment\">\n\t\t\t\t<span class=\"dashicons-admin-comments dashicons\"><\/span>\t\t\t\t\tNincs hozz\u00e1sz\u00f3l\u00e1s\t\t\t\t<\/span>\n\t\t\t\t\t\t<\/div>\n\t\t\t\t\t\t\t<div class='uagb-post__text uagb-post__excerpt'>\n\t\t\t\t\t<p>A Lime Apartment is csatlakozott a Magyar Turisztikai \u00dcgyn\u00f6ks\u00e9g \u00e1ltal meghirdetett kammp\u00e1nyhoz: OTP Sz\u00e9p k\u00e1rty\u00e1s fizet\u00e9sekre 20% kedvezm\u00e9nyt adunk 2025. janu\u00e1r 1. \u00e9s febru\u00e1r 28. k\u00f6z\u00f6tt! \u00c9rdekl\u0151dj\u00f6n szabad id\u0151pontjainkr\u00f3l, \u00e9s foglalja le min\u00e9l el\u0151bb sz\u00e1ll\u00e1s\u00e1t n\u00e1lunk!<\/p>\n\t\t\t\t<\/div>\n\t\t\t\t\t\t<div class=\"uagb-post__text uagb-post__cta wp-block-button\">\n\t\t\t\t<a class=\"wp-block-button__link uagb-text-link\" style=\"\" href=\"https:\/\/limeapartment.hu\/index.php\/2024\/12\/05\/teli-ajanlat\/\" target=\"_self\" rel=\"bookmark noopener noreferrer\">R\u00e9szletek<\/a>\n\t\t\t<\/div>\n\t\t\t\n\t\t\t\t\t\t\t\t\t<\/article>\n\t\t\t\t\t\t\t\t\t\t\t<\/div>\n\t\t\t<\/div>\n<\/div>\n","protected":false},"excerpt":{"rendered":"","protected":false},"author":2,"featured_media":0,"parent":0,"menu_order":0,"comment_status":"closed","ping_status":"closed","template":"","meta":{"_uag_custom_page_level_css":"","footnotes":""},"class_list":["post-656","page","type-page","status-publish","hentry"],"yoast_head":"<!-- This site is optimized with the Yoast SEO plugin v24.6 - https:\/\/yoast.com\/wordpress\/plugins\/seo\/ -->\n<title>H\u00edrek - Lime Apartment Zam\u00e1rdi***<\/title>\n<meta name=\"robots\" content=\"index, follow, max-snippet:-1, max-image-preview:large, max-video-preview:-1\" \/>\n<link rel=\"canonical\" href=\"https:\/\/limeapartment.hu\/index.php\/hirek\/\" \/>\n<meta property=\"og:locale\" content=\"hu_HU\" \/>\n<meta property=\"og:type\" content=\"article\" \/>\n<meta property=\"og:title\" content=\"H\u00edrek - Lime Apartment Zam\u00e1rdi***\" \/>\n<meta property=\"og:url\" content=\"https:\/\/limeapartment.hu\/index.php\/hirek\/\" \/>\n<meta property=\"og:site_name\" content=\"Lime Apartment Zam\u00e1rdi***\" \/>\n<meta property=\"article:publisher\" content=\"https:\/\/www.facebook.com\/lime.apartment.zamardi\" \/>\n<meta property=\"article:modified_time\" content=\"2024-12-09T10:10:42+00:00\" \/>\n<meta name=\"twitter:card\" content=\"summary_large_image\" \/>\n<script type=\"application\/ld+json\" class=\"yoast-schema-graph\">{\"@context\":\"https:\/\/schema.org\",\"@graph\":[{\"@type\":\"WebPage\",\"@id\":\"https:\/\/limeapartment.hu\/index.php\/hirek\/\",\"url\":\"https:\/\/limeapartment.hu\/index.php\/hirek\/\",\"name\":\"H\u00edrek - Lime Apartment Zam\u00e1rdi***\",\"isPartOf\":{\"@id\":\"https:\/\/limeapartment.hu\/#website\"},\"datePublished\":\"2024-12-09T10:10:41+00:00\",\"dateModified\":\"2024-12-09T10:10:42+00:00\",\"breadcrumb\":{\"@id\":\"https:\/\/limeapartment.hu\/index.php\/hirek\/#breadcrumb\"},\"inLanguage\":\"hu\",\"potentialAction\":[{\"@type\":\"ReadAction\",\"target\":[\"https:\/\/limeapartment.hu\/index.php\/hirek\/\"]}]},{\"@type\":\"BreadcrumbList\",\"@id\":\"https:\/\/limeapartment.hu\/index.php\/hirek\/#breadcrumb\",\"itemListElement\":[{\"@type\":\"ListItem\",\"position\":1,\"name\":\"Kezd\u0151lap\",\"item\":\"https:\/\/limeapartment.hu\/\"},{\"@type\":\"ListItem\",\"position\":2,\"name\":\"H\u00edrek\"}]},{\"@type\":\"WebSite\",\"@id\":\"https:\/\/limeapartment.hu\/#website\",\"url\":\"https:\/\/limeapartment.hu\/\",\"name\":\"Lime Apartment Zam\u00e1rdi***\",\"description\":\"Csal\u00e1dbar\u00e1t, ker\u00e9kp\u00e1ros sz\u00e1ll\u00e1shely a Balatonn\u00e1l\",\"publisher\":{\"@id\":\"https:\/\/limeapartment.hu\/#organization\"},\"potentialAction\":[{\"@type\":\"SearchAction\",\"target\":{\"@type\":\"EntryPoint\",\"urlTemplate\":\"https:\/\/limeapartment.hu\/?s={search_term_string}\"},\"query-input\":{\"@type\":\"PropertyValueSpecification\",\"valueRequired\":true,\"valueName\":\"search_term_string\"}}],\"inLanguage\":\"hu\"},{\"@type\":\"Organization\",\"@id\":\"https:\/\/limeapartment.hu\/#organization\",\"name\":\"Lime Apartment Zam\u00e1rdi***\",\"url\":\"https:\/\/limeapartment.hu\/\",\"logo\":{\"@type\":\"ImageObject\",\"inLanguage\":\"hu\",\"@id\":\"https:\/\/limeapartment.hu\/#\/schema\/logo\/image\/\",\"url\":\"https:\/\/limeapartment.hu\/wp-content\/uploads\/2024\/11\/cropped-Lime_Apartment_Zamardi_white_logo_main-removebg.webp\",\"contentUrl\":\"https:\/\/limeapartment.hu\/wp-content\/uploads\/2024\/11\/cropped-Lime_Apartment_Zamardi_white_logo_main-removebg.webp\",\"width\":240,\"height\":145,\"caption\":\"Lime Apartment Zam\u00e1rdi***\"},\"image\":{\"@id\":\"https:\/\/limeapartment.hu\/#\/schema\/logo\/image\/\"},\"sameAs\":[\"https:\/\/www.facebook.com\/lime.apartment.zamardi\",\"https:\/\/www.instagram.com\/limeapartmentzamardi\"]}]}<\/script>\n<!-- \/ Yoast SEO plugin. -->","yoast_head_json":{"title":"H\u00edrek - Lime Apartment Zam\u00e1rdi***","robots":{"index":"index","follow":"follow","max-snippet":"max-snippet:-1","max-image-preview":"max-image-preview:large","max-video-preview":"max-video-preview:-1"},"canonical":"https:\/\/limeapartment.hu\/index.php\/hirek\/","og_locale":"hu_HU","og_type":"article","og_title":"H\u00edrek - Lime Apartment Zam\u00e1rdi***","og_url":"https:\/\/limeapartment.hu\/index.php\/hirek\/","og_site_name":"Lime Apartment Zam\u00e1rdi***","article_publisher":"https:\/\/www.facebook.com\/lime.apartment.zamardi","article_modified_time":"2024-12-09T10:10:42+00:00","twitter_card":"summary_large_image","schema":{"@context":"https:\/\/schema.org","@graph":[{"@type":"WebPage","@id":"https:\/\/limeapartment.hu\/index.php\/hirek\/","url":"https:\/\/limeapartment.hu\/index.php\/hirek\/","name":"H\u00edrek - Lime Apartment Zam\u00e1rdi***","isPartOf":{"@id":"https:\/\/limeapartment.hu\/#website"},"datePublished":"2024-12-09T10:10:41+00:00","dateModified":"2024-12-09T10:10:42+00:00","breadcrumb":{"@id":"https:\/\/limeapartment.hu\/index.php\/hirek\/#breadcrumb"},"inLanguage":"hu","potentialAction":[{"@type":"ReadAction","target":["https:\/\/limeapartment.hu\/index.php\/hirek\/"]}]},{"@type":"BreadcrumbList","@id":"https:\/\/limeapartment.hu\/index.php\/hirek\/#breadcrumb","itemListElement":[{"@type":"ListItem","position":1,"name":"Kezd\u0151lap","item":"https:\/\/limeapartment.hu\/"},{"@type":"ListItem","position":2,"name":"H\u00edrek"}]},{"@type":"WebSite","@id":"https:\/\/limeapartment.hu\/#website","url":"https:\/\/limeapartment.hu\/","name":"Lime Apartment Zam\u00e1rdi***","description":"Csal\u00e1dbar\u00e1t, ker\u00e9kp\u00e1ros sz\u00e1ll\u00e1shely a Balatonn\u00e1l","publisher":{"@id":"https:\/\/limeapartment.hu\/#organization"},"potentialAction":[{"@type":"SearchAction","target":{"@type":"EntryPoint","urlTemplate":"https:\/\/limeapartment.hu\/?s={search_term_string}"},"query-input":{"@type":"PropertyValueSpecification","valueRequired":true,"valueName":"search_term_string"}}],"inLanguage":"hu"},{"@type":"Organization","@id":"https:\/\/limeapartment.hu\/#organization","name":"Lime Apartment Zam\u00e1rdi***","url":"https:\/\/limeapartment.hu\/","logo":{"@type":"ImageObject","inLanguage":"hu","@id":"https:\/\/limeapartment.hu\/#\/schema\/logo\/image\/","url":"https:\/\/limeapartment.hu\/wp-content\/uploads\/2024\/11\/cropped-Lime_Apartment_Zamardi_white_logo_main-removebg.webp","contentUrl":"https:\/\/limeapartment.hu\/wp-content\/uploads\/2024\/11\/cropped-Lime_Apartment_Zamardi_white_logo_main-removebg.webp","width":240,"height":145,"caption":"Lime Apartment Zam\u00e1rdi***"},"image":{"@id":"https:\/\/limeapartment.hu\/#\/schema\/logo\/image\/"},"sameAs":["https:\/\/www.facebook.com\/lime.apartment.zamardi","https:\/\/www.instagram.com\/limeapartmentzamardi"]}]}},"uagb_featured_image_src":{"full":false,"thumbnail":false,"medium":false,"medium_large":false,"large":false,"1536x1536":false,"2048x2048":false},"uagb_author_info":{"display_name":"a","author_link":"https:\/\/limeapartment.hu\/index.php\/author\/anita\/"},"uagb_comment_info":0,"uagb_excerpt":null,"jetpack_sharing_enabled":true,"_links":{"self":[{"href":"https:\/\/limeapartment.hu\/index.php\/wp-json\/wp\/v2\/pages\/656","targetHints":{"allow":["GET"]}}],"collection":[{"href":"https:\/\/limeapartment.hu\/index.php\/wp-json\/wp\/v2\/pages"}],"about":[{"href":"https:\/\/limeapartment.hu\/index.php\/wp-json\/wp\/v2\/types\/page"}],"author":[{"embeddable":true,"href":"https:\/\/limeapartment.hu\/index.php\/wp-json\/wp\/v2\/users\/2"}],"replies":[{"embeddable":true,"href":"https:\/\/limeapartment.hu\/index.php\/wp-json\/wp\/v2\/comments?post=656"}],"version-history":[{"count":2,"href":"https:\/\/limeapartment.hu\/index.php\/wp-json\/wp\/v2\/pages\/656\/revisions"}],"predecessor-version":[{"id":658,"href":"https:\/\/limeapartment.hu\/index.php\/wp-json\/wp\/v2\/pages\/656\/revisions\/658"}],"wp:attachment":[{"href":"https:\/\/limeapartment.hu\/index.php\/wp-json\/wp\/v2\/media?parent=656"}],"curies":[{"name":"wp","href":"https:\/\/api.w.org\/{rel}","templated":true}]}}