{"id":166,"date":"2024-11-25T15:33:14","date_gmt":"2024-11-25T15:33:14","guid":{"rendered":"https:\/\/hungarofondo.hu\/lime\/?page_id=166"},"modified":"2024-12-11T11:22:03","modified_gmt":"2024-12-11T11:22:03","slug":"kapcsolat","status":"publish","type":"page","link":"https:\/\/limeapartment.hu\/index.php\/kapcsolat\/","title":{"rendered":"Kapcsolat"},"content":{"rendered":"\n<div class=\"wp-block-group alignfull has-global-padding is-layout-constrained wp-container-core-group-is-layout-1 wp-block-group-is-layout-constrained\" style=\"padding-top:var(--wp--preset--spacing--50);padding-right:var(--wp--preset--spacing--50);padding-bottom:var(--wp--preset--spacing--50);padding-left:var(--wp--preset--spacing--50)\">\n<div class=\"wp-block-columns alignwide is-layout-flex wp-container-core-columns-is-layout-1 wp-block-columns-is-layout-flex\" style=\"margin-top:0;margin-bottom:0\">\n<div class=\"wp-block-column is-layout-flow wp-container-core-column-is-layout-1 wp-block-column-is-layout-flow\" style=\"padding-top:0\">\n<div class=\"wp-block-uagb-info-box uagb-block-2fa2127d uagb-infobox__content-wrap  uagb-infobox-icon-above-title uagb-infobox-image-valign-top\"><div class=\"uagb-ifb-content\"><div class=\"uagb-ifb-icon-wrap\"><svg xmlns=\"https:\/\/www.w3.org\/2000\/svg\" viewBox=\"0 0 512 512\"><path d=\"M464 64C490.5 64 512 85.49 512 112C512 127.1 504.9 141.3 492.8 150.4L275.2 313.6C263.8 322.1 248.2 322.1 236.8 313.6L19.2 150.4C7.113 141.3 0 127.1 0 112C0 85.49 21.49 64 48 64H464zM217.6 339.2C240.4 356.3 271.6 356.3 294.4 339.2L512 176V384C512 419.3 483.3 448 448 448H64C28.65 448 0 419.3 0 384V176L217.6 339.2z\"><\/path><\/svg><\/div><div class=\"uagb-ifb-title-wrap\"><h3 class=\"uagb-ifb-title\">C\u00edm<\/h3><\/div><p class=\"uagb-ifb-desc\">8621 Zam\u00e1rdi, H\u00e1rsfa utca 9., <br>A. \u00e9p\u00fclet, 1. lak\u00e1s<br><\/p><\/div><\/div>\n\n\n\n<div class=\"wp-block-uagb-info-box uagb-block-6d5e7344 uagb-infobox__content-wrap  uagb-infobox-icon-above-title uagb-infobox-image-valign-top\"><div class=\"uagb-ifb-content\"><div class=\"uagb-ifb-icon-wrap\"><svg xmlns=\"https:\/\/www.w3.org\/2000\/svg\" viewBox=\"0 0 512 512\"><path d=\"M511.2 387l-23.25 100.8c-3.266 14.25-15.79 24.22-30.46 24.22C205.2 512 0 306.8 0 54.5c0-14.66 9.969-27.2 24.22-30.45l100.8-23.25C139.7-2.602 154.7 5.018 160.8 18.92l46.52 108.5c5.438 12.78 1.77 27.67-8.98 36.45L144.5 207.1c33.98 69.22 90.26 125.5 159.5 159.5l44.08-53.8c8.688-10.78 23.69-14.51 36.47-8.975l108.5 46.51C506.1 357.2 514.6 372.4 511.2 387z\"><\/path><\/svg><\/div><div class=\"uagb-ifb-title-wrap\"><h3 class=\"uagb-ifb-title\">Telefon<\/h3><\/div><p class=\"uagb-ifb-desc\">+36 70 938 8181<br><\/p><\/div><\/div>\n\n\n\n<div class=\"wp-block-uagb-info-box uagb-block-1a1ff420 uagb-infobox__content-wrap  uagb-infobox-icon-above-title uagb-infobox-image-valign-top\"><div class=\"uagb-ifb-content\"><div class=\"uagb-ifb-icon-wrap\"><svg xmlns=\"https:\/\/www.w3.org\/2000\/svg\" viewBox=\"0 0 512 512\"><path d=\"M464 64C490.5 64 512 85.49 512 112C512 127.1 504.9 141.3 492.8 150.4L275.2 313.6C263.8 322.1 248.2 322.1 236.8 313.6L19.2 150.4C7.113 141.3 0 127.1 0 112C0 85.49 21.49 64 48 64H464zM217.6 339.2C240.4 356.3 271.6 356.3 294.4 339.2L512 176V384C512 419.3 483.3 448 448 448H64C28.65 448 0 419.3 0 384V176L217.6 339.2z\"><\/path><\/svg><\/div><div class=\"uagb-ifb-title-wrap\"><h3 class=\"uagb-ifb-title\">Email<\/h3><\/div><p class=\"uagb-ifb-desc\">info@limeapartment.hu<\/p><\/div><\/div>\n<\/div>\n\n\n\n<div class=\"wp-block-column is-vertically-aligned-top has-global-padding is-layout-constrained wp-container-core-column-is-layout-2 wp-block-column-is-layout-constrained\">\t\t\t<div \n\t\t\tclass=\"wp-block-uagb-google-map uagb-google-map__wrap uagb-block-a1eafb28     \"\n\t\t\tstyle=\"\" >\n\t\t\t\t<embed\n\t\t\t\t\tclass=\"uagb-google-map__iframe\"\n\t\t\t\t\ttitle=\"Google Map for \"\n\t\t\t\t\tsrc=\"https:\/\/maps.google.com\/maps?q=LIme%20Apartment%20Zam%C3%A1rdi&#038;z=12&#038;hl=hu&#038;t=m&#038;output=embed&#038;iwloc=near\"\n\t\t\t\t\twidth=\"640\"\n\t\t\t\t\theight=\"361\"\n\t\t\t\t\tloading=\"lazy\"\n\t\t\t\t><\/embed>\n\t\t\t<\/div>\n\t\t\t<\/div>\n<\/div>\n\n\n\n<div class=\"wp-block-uagb-container uagb-block-563a5a45 alignfull uagb-is-root-container\">\n<div class=\"wp-block-uagb-advanced-heading uagb-block-657a9ca3\" id=\"foglalas\"><h2 class=\"uagb-heading-text\">Kapcsolati \u0171rlap<\/h2><\/div>\n\n\n\n<p class=\"has-text-align-center has-medium-font-size\">Az al\u00e1bbi \u0171rlap seg\u00edts\u00e9g\u00e9vel tud aj\u00e1nlatot k\u00e9rni, illetve \u00e1ltal\u00e1nos megkereses\u00e9st k\u00fcldeni nek\u00fcnk. <\/p>\n<\/div>\n\n\n\n<div class=\"wp-block-columns is-layout-flex wp-container-core-columns-is-layout-2 wp-block-columns-is-layout-flex\" style=\"margin-top:var(--wp--preset--spacing--10);margin-bottom:var(--wp--preset--spacing--10);padding-top:var(--wp--preset--spacing--10);padding-right:var(--wp--preset--spacing--10);padding-bottom:var(--wp--preset--spacing--10);padding-left:var(--wp--preset--spacing--10)\">\n<div class=\"wp-block-column is-layout-flow wp-block-column-is-layout-flow\" style=\"flex-basis:100%\">\n<div class=\"forminator-guttenberg\"><div class=\"forminator-ui forminator-custom-form forminator-custom-form-632 forminator-design--basic  forminator_ajax\" data-forminator-render=\"0\" data-form=\"forminator-module-632\" data-uid=\"69e435482dff8\"><br\/><\/div><form\n\t\t\t\tid=\"forminator-module-632\"\n\t\t\t\tclass=\"forminator-ui forminator-custom-form forminator-custom-form-632 forminator-design--basic  forminator_ajax\"\n\t\t\t\tmethod=\"post\"\n\t\t\t\tdata-forminator-render=\"0\"\n\t\t\t\tdata-form-id=\"632\"\n\t\t\t\t data-color-option=\"theme\" data-design=\"basic\" data-grid=\"open\" style=\"display: none;\"\n\t\t\t\tdata-uid=\"69e435482dff8\"\n\t\t\t><div role=\"alert\" aria-live=\"polite\" class=\"forminator-response-message forminator-error\" aria-hidden=\"true\"><\/div><div class=\"forminator-row\"><div id=\"text-1\" class=\"forminator-field-text forminator-col forminator-col-4 \"><div class=\"forminator-field\"><label for=\"forminator-field-text-1_69e435482dff8\" id=\"forminator-field-text-1_69e435482dff8-label\" class=\"forminator-label\">N\u00e9v: <span class=\"forminator-required\">*<\/span><\/label><input type=\"text\" name=\"text-1\" value=\"\" placeholder=\"\" id=\"forminator-field-text-1_69e435482dff8\" class=\"forminator-input forminator-name--field\" data-required=\"1\" \/><\/div><\/div><div id=\"phone-1\" class=\"forminator-field-phone forminator-col forminator-col-4 \"><div class=\"forminator-field\"><label for=\"forminator-field-phone-1_69e435482dff8\" id=\"forminator-field-phone-1_69e435482dff8-label\" class=\"forminator-label\">Telefon:<\/label><input type=\"text\" name=\"phone-1\" value=\"\" placeholder=\"\" id=\"forminator-field-phone-1_69e435482dff8\" class=\"forminator-input forminator-field--phone\" data-required=\"\" aria-required=\"false\" autocomplete=\"off\" \/><\/div><\/div><div id=\"email-1\" class=\"forminator-field-email forminator-col forminator-col-4 \"><div class=\"forminator-field\"><label for=\"forminator-field-email-1_69e435482dff8\" id=\"forminator-field-email-1_69e435482dff8-label\" class=\"forminator-label\">E-mail c\u00edm: <span class=\"forminator-required\">*<\/span><\/label><input type=\"email\" name=\"email-1\" value=\"\" placeholder=\"\" id=\"forminator-field-email-1_69e435482dff8\" class=\"forminator-input forminator-email--field\" data-required=\"1\" aria-required=\"true\" autocomplete=\"email\" \/><\/div><\/div><\/div><div class=\"forminator-row\"><div id=\"date-1\" class=\"forminator-field-date forminator-col forminator-col-6 \"><div class=\"forminator-field\"><label for=\"forminator-field-date-1-picker_69e435482dff8\" id=\"forminator-field-date-1-picker_69e435482dff8-label\" class=\"forminator-label\">\u00c9rkez\u00e9s d\u00e1tuma:<\/label><div class=\"forminator-input-with-icon\"><span class=\"forminator-icon-calendar\" aria-hidden=\"true\"><\/span><input autocomplete=\"off\" type=\"text\" size=\"1\" name=\"date-1\" value=\"2026-04-19\" placeholder=\"\" id=\"forminator-field-date-1-picker_69e435482dff8\" class=\"forminator-input forminator-datepicker\" data-required=\"\" data-format=\"yy-mm-dd\" data-restrict-type=\"\" data-restrict=\"\" data-start-year=\"1926\" data-end-year=\"2126\" data-past-dates=\"enable\" data-start-of-week=\"1\" data-start-date=\"\" data-end-date=\"\" data-start-field=\"\" data-end-field=\"\" data-start-offset=\"\" data-end-offset=\"\" data-disable-date=\"\" data-disable-range=\"\" \/><\/div><\/div><\/div><div id=\"date-2\" class=\"forminator-field-date forminator-col forminator-col-6 \"><div class=\"forminator-field\"><label for=\"forminator-field-date-2-picker_69e435482dff8\" id=\"forminator-field-date-2-picker_69e435482dff8-label\" class=\"forminator-label\">T\u00e1voz\u00e1s d\u00e1tuma:<\/label><div class=\"forminator-input-with-icon\"><span class=\"forminator-icon-calendar\" aria-hidden=\"true\"><\/span><input autocomplete=\"off\" type=\"text\" size=\"1\" name=\"date-2\" value=\"2026-04-19\" placeholder=\"\" id=\"forminator-field-date-2-picker_69e435482dff8\" class=\"forminator-input forminator-datepicker\" data-required=\"\" data-format=\"yy-mm-dd\" data-restrict-type=\"\" data-restrict=\"\" data-start-year=\"1926\" data-end-year=\"2126\" data-past-dates=\"enable\" data-start-of-week=\"1\" data-start-date=\"\" data-end-date=\"\" data-start-field=\"\" data-end-field=\"\" data-start-offset=\"\" data-end-offset=\"\" data-disable-date=\"\" data-disable-range=\"\" \/><\/div><\/div><\/div><\/div><div class=\"forminator-row\"><div id=\"number-5\" class=\"forminator-field-number forminator-col forminator-col-4 \"><div class=\"forminator-field\"><label for=\"forminator-field-number-5_69e435482dff8\" id=\"forminator-field-number-5_69e435482dff8-label\" class=\"forminator-label\">Vend\u00e9gek sz\u00e1ma:<\/label><input name=\"number-5\" value=\"\" placeholder=\"\" id=\"forminator-field-number-5_69e435482dff8\" class=\"forminator-input forminator-number--field\" inputmode=\"decimal\" data-required=\"\" data-decimals=\"0\" aria-required=\"false\" data-inputmask=\"&#039;groupSeparator&#039;: &#039;&#039;, &#039;radixPoint&#039;: &#039;&#039;, &#039;digits&#039;: &#039;0&#039;\" data-hidden-behavior=\"zero\" type=\"number\" step=\"any\" min=\"1\" max=\"10\" \/><\/div><\/div><div id=\"number-4\" class=\"forminator-field-number forminator-col forminator-col-4 \"><div class=\"forminator-field\"><label for=\"forminator-field-number-4_69e435482dff8\" id=\"forminator-field-number-4_69e435482dff8-label\" class=\"forminator-label\">Gyerekek sz\u00e1ma:<\/label><input name=\"number-4\" value=\"\" placeholder=\"\" id=\"forminator-field-number-4_69e435482dff8\" class=\"forminator-input forminator-number--field\" inputmode=\"decimal\" data-required=\"\" data-decimals=\"0\" aria-required=\"false\" data-inputmask=\"&#039;groupSeparator&#039;: &#039;&#039;, &#039;radixPoint&#039;: &#039;&#039;, &#039;digits&#039;: &#039;0&#039;\" data-hidden-behavior=\"zero\" type=\"number\" step=\"any\" min=\"1\" max=\"9\" \/><\/div><\/div><div id=\"text-2\" class=\"forminator-field-text forminator-col forminator-col-4 \"><div class=\"forminator-field\"><label for=\"forminator-field-text-2_69e435482dff8\" id=\"forminator-field-text-2_69e435482dff8-label\" class=\"forminator-label\">Gyermekek kora:<\/label><input type=\"text\" name=\"text-2\" value=\"\" placeholder=\"\" id=\"forminator-field-text-2_69e435482dff8\" class=\"forminator-input forminator-name--field\" data-required=\"\" \/><\/div><\/div><\/div><div class=\"forminator-row\"><div id=\"textarea-1\" class=\"forminator-field-textarea forminator-col forminator-col-12 \"><div class=\"forminator-field\"><label for=\"forminator-field-textarea-1_69e435482dff8\" id=\"forminator-field-textarea-1_69e435482dff8-label\" class=\"forminator-label\">\u00dczenet:<\/label><textarea name=\"textarea-1\" placeholder=\"\" id=\"forminator-field-textarea-1_69e435482dff8\" class=\"forminator-textarea\" rows=\"6\" style=\"min-height:100px;\" ><\/textarea><\/div><\/div><\/div><div class=\"forminator-row\"><div id=\"consent-1\" class=\"forminator-field-consent forminator-col forminator-col-12 \"><div class=\"forminator-field\"><label for=\"forminator-field-consent-1_69e435482dff8\" id=\"forminator-field-consent-1_69e435482dff8-label\" class=\"forminator-label\">Nyilatkozat: <span class=\"forminator-required\">*<\/span><\/label><div class=\"forminator-checkbox__wrapper\"><label id=\"forminator-field-consent-1_69e435482dff8__label\" class=\"forminator-checkbox forminator-consent\" aria-labelledby=\"forminator-field-consent-1_69e435482dff8-label\"><input type=\"checkbox\" name=\"consent-1\" id=\"forminator-field-consent-1_69e435482dff8\" value=\"checked\" aria-labelledby=\"forminator-field-consent-1_69e435482dff8-label\" aria-describedby=\"forminator-field-consent-1_69e435482dff8__description\" data-required=\"true\" aria-required=\"true\" \/><span class=\"forminator-checkbox-box\" aria-hidden=\"true\"><\/span><\/label><div id=\"forminator-field-consent-1_69e435482dff8__description\" class=\"forminator-checkbox__label forminator-consent__label\"><p>Elfogadom az <a href=\"https:\/\/limeapartment.hu\/index.php\/cookie-policy-eu\/adatkezelesi-tajekoztato\/\">Adatkezel\u00e9si T\u00e1j\u00e9koztat\u00f3t<\/a> \u00e9s az <a href=\"https:\/\/limeapartment.hu\/index.php\/altalanos-szerzodesi-feltetelek\/\">\u00c1ltal\u00e1nos Szerz\u0151d\u00e9si Felt\u00e9teleket<\/a>.<\/p><\/div><\/div><\/div><\/div><\/div><input type=\"hidden\" name=\"referer_url\" value=\"\" \/><div class=\"forminator-row forminator-row-last\"><div class=\"forminator-col\"><div class=\"forminator-field\"><button class=\"forminator-button forminator-button-submit\">Bek&uuml;ld&eacute;s<\/button><\/div><\/div><\/div><input type=\"hidden\" id=\"forminator_nonce\" name=\"forminator_nonce\" value=\"2ec08d1151\" \/><input type=\"hidden\" name=\"_wp_http_referer\" value=\"\/index.php\/wp-json\/wp\/v2\/pages\/166\" \/><input type=\"hidden\" name=\"form_id\" value=\"632\"><input type=\"hidden\" name=\"page_id\" value=\"166\"><input type=\"hidden\" name=\"form_type\" value=\"default\"><input type=\"hidden\" name=\"current_url\" value=\"https:\/\/limeapartment.hu\/index.php\/kapcsolat\/\"><input type=\"hidden\" name=\"render_id\" value=\"0\"><input type=\"hidden\" name=\"action\" value=\"forminator_submit_form_custom-forms\"><\/form><\/div>\n<\/div>\n<\/div>\n<\/div>\n","protected":false},"excerpt":{"rendered":"<p>Kapcsolati \u0171rlap Az al\u00e1bbi \u0171rlap seg\u00edts\u00e9g\u00e9vel tud aj\u00e1nlatot k\u00e9rni, illetve \u00e1ltal\u00e1nos megkereses\u00e9st k\u00fcldeni nek\u00fcnk.<\/p>\n","protected":false},"author":2,"featured_media":0,"parent":0,"menu_order":0,"comment_status":"closed","ping_status":"closed","template":"","meta":{"_uag_custom_page_level_css":"","footnotes":""},"class_list":["post-166","page","type-page","status-publish","hentry"],"yoast_head":"<!-- This site is optimized with the Yoast SEO plugin v24.6 - https:\/\/yoast.com\/wordpress\/plugins\/seo\/ -->\n<title>Kapcsolat - Lime Apartment Zam\u00e1rdi***<\/title>\n<meta name=\"robots\" content=\"index, follow, max-snippet:-1, max-image-preview:large, max-video-preview:-1\" \/>\n<link rel=\"canonical\" href=\"https:\/\/limeapartment.hu\/index.php\/kapcsolat\/\" \/>\n<meta property=\"og:locale\" content=\"hu_HU\" \/>\n<meta property=\"og:type\" content=\"article\" \/>\n<meta property=\"og:title\" content=\"Kapcsolat - Lime Apartment Zam\u00e1rdi***\" \/>\n<meta property=\"og:description\" content=\"Kapcsolati \u0171rlap Az al\u00e1bbi \u0171rlap seg\u00edts\u00e9g\u00e9vel tud aj\u00e1nlatot k\u00e9rni, illetve \u00e1ltal\u00e1nos megkereses\u00e9st k\u00fcldeni nek\u00fcnk.\" \/>\n<meta property=\"og:url\" content=\"https:\/\/limeapartment.hu\/index.php\/kapcsolat\/\" \/>\n<meta property=\"og:site_name\" content=\"Lime Apartment Zam\u00e1rdi***\" \/>\n<meta property=\"article:publisher\" content=\"https:\/\/www.facebook.com\/lime.apartment.zamardi\" \/>\n<meta property=\"article:modified_time\" content=\"2024-12-11T11:22:03+00:00\" \/>\n<meta name=\"twitter:card\" content=\"summary_large_image\" \/>\n<meta name=\"twitter:label1\" content=\"Becs\u00fclt olvas\u00e1si id\u0151\" \/>\n\t<meta name=\"twitter:data1\" content=\"1 perc\" \/>\n<script type=\"application\/ld+json\" class=\"yoast-schema-graph\">{\"@context\":\"https:\/\/schema.org\",\"@graph\":[{\"@type\":\"WebPage\",\"@id\":\"https:\/\/limeapartment.hu\/index.php\/kapcsolat\/\",\"url\":\"https:\/\/limeapartment.hu\/index.php\/kapcsolat\/\",\"name\":\"Kapcsolat - Lime Apartment Zam\u00e1rdi***\",\"isPartOf\":{\"@id\":\"https:\/\/limeapartment.hu\/#website\"},\"datePublished\":\"2024-11-25T15:33:14+00:00\",\"dateModified\":\"2024-12-11T11:22:03+00:00\",\"breadcrumb\":{\"@id\":\"https:\/\/limeapartment.hu\/index.php\/kapcsolat\/#breadcrumb\"},\"inLanguage\":\"hu\",\"potentialAction\":[{\"@type\":\"ReadAction\",\"target\":[\"https:\/\/limeapartment.hu\/index.php\/kapcsolat\/\"]}]},{\"@type\":\"BreadcrumbList\",\"@id\":\"https:\/\/limeapartment.hu\/index.php\/kapcsolat\/#breadcrumb\",\"itemListElement\":[{\"@type\":\"ListItem\",\"position\":1,\"name\":\"Kezd\u0151lap\",\"item\":\"https:\/\/limeapartment.hu\/\"},{\"@type\":\"ListItem\",\"position\":2,\"name\":\"Kapcsolat\"}]},{\"@type\":\"WebSite\",\"@id\":\"https:\/\/limeapartment.hu\/#website\",\"url\":\"https:\/\/limeapartment.hu\/\",\"name\":\"Lime Apartment Zam\u00e1rdi***\",\"description\":\"Csal\u00e1dbar\u00e1t, ker\u00e9kp\u00e1ros sz\u00e1ll\u00e1shely a Balatonn\u00e1l\",\"publisher\":{\"@id\":\"https:\/\/limeapartment.hu\/#organization\"},\"potentialAction\":[{\"@type\":\"SearchAction\",\"target\":{\"@type\":\"EntryPoint\",\"urlTemplate\":\"https:\/\/limeapartment.hu\/?s={search_term_string}\"},\"query-input\":{\"@type\":\"PropertyValueSpecification\",\"valueRequired\":true,\"valueName\":\"search_term_string\"}}],\"inLanguage\":\"hu\"},{\"@type\":\"Organization\",\"@id\":\"https:\/\/limeapartment.hu\/#organization\",\"name\":\"Lime Apartment Zam\u00e1rdi***\",\"url\":\"https:\/\/limeapartment.hu\/\",\"logo\":{\"@type\":\"ImageObject\",\"inLanguage\":\"hu\",\"@id\":\"https:\/\/limeapartment.hu\/#\/schema\/logo\/image\/\",\"url\":\"https:\/\/limeapartment.hu\/wp-content\/uploads\/2024\/11\/cropped-Lime_Apartment_Zamardi_white_logo_main-removebg.webp\",\"contentUrl\":\"https:\/\/limeapartment.hu\/wp-content\/uploads\/2024\/11\/cropped-Lime_Apartment_Zamardi_white_logo_main-removebg.webp\",\"width\":240,\"height\":145,\"caption\":\"Lime Apartment Zam\u00e1rdi***\"},\"image\":{\"@id\":\"https:\/\/limeapartment.hu\/#\/schema\/logo\/image\/\"},\"sameAs\":[\"https:\/\/www.facebook.com\/lime.apartment.zamardi\",\"https:\/\/www.instagram.com\/limeapartmentzamardi\"]}]}<\/script>\n<!-- \/ Yoast SEO plugin. -->","yoast_head_json":{"title":"Kapcsolat - Lime Apartment Zam\u00e1rdi***","robots":{"index":"index","follow":"follow","max-snippet":"max-snippet:-1","max-image-preview":"max-image-preview:large","max-video-preview":"max-video-preview:-1"},"canonical":"https:\/\/limeapartment.hu\/index.php\/kapcsolat\/","og_locale":"hu_HU","og_type":"article","og_title":"Kapcsolat - Lime Apartment Zam\u00e1rdi***","og_description":"Kapcsolati \u0171rlap Az al\u00e1bbi \u0171rlap seg\u00edts\u00e9g\u00e9vel tud aj\u00e1nlatot k\u00e9rni, illetve \u00e1ltal\u00e1nos megkereses\u00e9st k\u00fcldeni nek\u00fcnk.","og_url":"https:\/\/limeapartment.hu\/index.php\/kapcsolat\/","og_site_name":"Lime Apartment Zam\u00e1rdi***","article_publisher":"https:\/\/www.facebook.com\/lime.apartment.zamardi","article_modified_time":"2024-12-11T11:22:03+00:00","twitter_card":"summary_large_image","twitter_misc":{"Becs\u00fclt olvas\u00e1si id\u0151":"1 perc"},"schema":{"@context":"https:\/\/schema.org","@graph":[{"@type":"WebPage","@id":"https:\/\/limeapartment.hu\/index.php\/kapcsolat\/","url":"https:\/\/limeapartment.hu\/index.php\/kapcsolat\/","name":"Kapcsolat - Lime Apartment Zam\u00e1rdi***","isPartOf":{"@id":"https:\/\/limeapartment.hu\/#website"},"datePublished":"2024-11-25T15:33:14+00:00","dateModified":"2024-12-11T11:22:03+00:00","breadcrumb":{"@id":"https:\/\/limeapartment.hu\/index.php\/kapcsolat\/#breadcrumb"},"inLanguage":"hu","potentialAction":[{"@type":"ReadAction","target":["https:\/\/limeapartment.hu\/index.php\/kapcsolat\/"]}]},{"@type":"BreadcrumbList","@id":"https:\/\/limeapartment.hu\/index.php\/kapcsolat\/#breadcrumb","itemListElement":[{"@type":"ListItem","position":1,"name":"Kezd\u0151lap","item":"https:\/\/limeapartment.hu\/"},{"@type":"ListItem","position":2,"name":"Kapcsolat"}]},{"@type":"WebSite","@id":"https:\/\/limeapartment.hu\/#website","url":"https:\/\/limeapartment.hu\/","name":"Lime Apartment Zam\u00e1rdi***","description":"Csal\u00e1dbar\u00e1t, ker\u00e9kp\u00e1ros sz\u00e1ll\u00e1shely a Balatonn\u00e1l","publisher":{"@id":"https:\/\/limeapartment.hu\/#organization"},"potentialAction":[{"@type":"SearchAction","target":{"@type":"EntryPoint","urlTemplate":"https:\/\/limeapartment.hu\/?s={search_term_string}"},"query-input":{"@type":"PropertyValueSpecification","valueRequired":true,"valueName":"search_term_string"}}],"inLanguage":"hu"},{"@type":"Organization","@id":"https:\/\/limeapartment.hu\/#organization","name":"Lime Apartment Zam\u00e1rdi***","url":"https:\/\/limeapartment.hu\/","logo":{"@type":"ImageObject","inLanguage":"hu","@id":"https:\/\/limeapartment.hu\/#\/schema\/logo\/image\/","url":"https:\/\/limeapartment.hu\/wp-content\/uploads\/2024\/11\/cropped-Lime_Apartment_Zamardi_white_logo_main-removebg.webp","contentUrl":"https:\/\/limeapartment.hu\/wp-content\/uploads\/2024\/11\/cropped-Lime_Apartment_Zamardi_white_logo_main-removebg.webp","width":240,"height":145,"caption":"Lime Apartment Zam\u00e1rdi***"},"image":{"@id":"https:\/\/limeapartment.hu\/#\/schema\/logo\/image\/"},"sameAs":["https:\/\/www.facebook.com\/lime.apartment.zamardi","https:\/\/www.instagram.com\/limeapartmentzamardi"]}]}},"uagb_featured_image_src":{"full":false,"thumbnail":false,"medium":false,"medium_large":false,"large":false,"1536x1536":false,"2048x2048":false},"uagb_author_info":{"display_name":"a","author_link":"https:\/\/limeapartment.hu\/index.php\/author\/anita\/"},"uagb_comment_info":0,"uagb_excerpt":"Kapcsolati \u0171rlap Az al\u00e1bbi \u0171rlap seg\u00edts\u00e9g\u00e9vel tud aj\u00e1nlatot k\u00e9rni, illetve \u00e1ltal\u00e1nos megkereses\u00e9st k\u00fcldeni nek\u00fcnk.","jetpack_sharing_enabled":true,"_links":{"self":[{"href":"https:\/\/limeapartment.hu\/index.php\/wp-json\/wp\/v2\/pages\/166","targetHints":{"allow":["GET"]}}],"collection":[{"href":"https:\/\/limeapartment.hu\/index.php\/wp-json\/wp\/v2\/pages"}],"about":[{"href":"https:\/\/limeapartment.hu\/index.php\/wp-json\/wp\/v2\/types\/page"}],"author":[{"embeddable":true,"href":"https:\/\/limeapartment.hu\/index.php\/wp-json\/wp\/v2\/users\/2"}],"replies":[{"embeddable":true,"href":"https:\/\/limeapartment.hu\/index.php\/wp-json\/wp\/v2\/comments?post=166"}],"version-history":[{"count":29,"href":"https:\/\/limeapartment.hu\/index.php\/wp-json\/wp\/v2\/pages\/166\/revisions"}],"predecessor-version":[{"id":738,"href":"https:\/\/limeapartment.hu\/index.php\/wp-json\/wp\/v2\/pages\/166\/revisions\/738"}],"wp:attachment":[{"href":"https:\/\/limeapartment.hu\/index.php\/wp-json\/wp\/v2\/media?parent=166"}],"curies":[{"name":"wp","href":"https:\/\/api.w.org\/{rel}","templated":true}]}}