{"id":107,"date":"2024-11-25T09:36:36","date_gmt":"2024-11-25T09:36:36","guid":{"rendered":"https:\/\/hungarofondo.hu\/lime\/?page_id=107"},"modified":"2026-02-18T10:18:35","modified_gmt":"2026-02-18T10:18:35","slug":"arak","status":"publish","type":"page","link":"https:\/\/limeapartment.hu\/index.php\/arak\/","title":{"rendered":"\u00c1rak"},"content":{"rendered":"\r\n<div class=\"wp-block-group alignfull has-global-padding is-layout-constrained wp-container-core-group-is-layout-5 wp-block-group-is-layout-constrained\" style=\"margin-top: 0; margin-bottom: 0; padding: var(--wp--preset--spacing--10) var(--wp--preset--spacing--50) var(--wp--preset--spacing--10) var(--wp--preset--spacing--50);\">\r\n<div class=\"wp-block-group alignwide has-base-2-background-color has-background has-global-padding is-layout-constrained wp-container-core-group-is-layout-4 wp-block-group-is-layout-constrained\" style=\"border-radius: 16px; padding: var(--wp--preset--spacing--30) var(--wp--preset--spacing--40) var(--wp--preset--spacing--30) var(--wp--preset--spacing--40);\">\r\n<div class=\"wp-block-group is-nowrap is-layout-flex wp-container-core-group-is-layout-2 wp-block-group-is-layout-flex\">\r\n<div class=\"wp-block-group alignwide is-vertical is-content-justification-stretch is-layout-flex wp-container-core-group-is-layout-1 wp-block-group-is-layout-flex\">\r\n<h2 class=\"wp-block-heading has-text-align-left has-x-large-font-size\">Teljes h\u00e1z 10 f\u0151re<\/h2>\r\n\r\n\r\n\r\n<p class=\"has-text-align-center\" style=\"margin-top: var(--wp--preset--spacing--10); font-size:clamp(0.875rem, 0.875rem + ((1vw - 0.2rem) * 0.417), 1.125rem);\">Maxim\u00e1lis kapacit\u00e1s: 10 f\u0151 <br \/>(6 f\u0151 norm\u00e1l + 4 f\u0151 p\u00f3t\u00e1gyon)<\/p>\r\n<\/div>\r\n\r\n\r\n\r\n<div class=\"wp-block-uagb-image uagb-block-7f5660a0 wp-block-uagb-image--layout-default wp-block-uagb-image--effect-static wp-block-uagb-image--align-none\">\r\n<figure class=\"wp-block-uagb-image__figure\"><img loading=\"lazy\" decoding=\"async\" class=\"uag-image-597\" title=\"IMG_1318\" role=\"img\" src=\"https:\/\/limeapartment.hu\/wp-content\/uploads\/2024\/12\/IMG_1318-1024x768.jpg\" sizes=\"auto, (max-width: 480px) 150px\" srcset=\"https:\/\/limeapartment.hu\/wp-content\/uploads\/2024\/12\/IMG_1318-1024x768.jpg ,https:\/\/limeapartment.hu\/wp-content\/uploads\/2024\/12\/IMG_1318-scaled.jpg 780w, https:\/\/limeapartment.hu\/wp-content\/uploads\/2024\/12\/IMG_1318-scaled.jpg 360w\" alt=\"\" width=\"244\" height=\"183\" \/><\/figure>\r\n<\/div>\r\n<\/div>\r\n\r\n\r\n\r\n<div class=\"wp-block-columns alignwide is-layout-flex wp-container-core-columns-is-layout-1 wp-block-columns-is-layout-flex\">\r\n<div class=\"wp-block-column is-layout-flow wp-block-column-is-layout-flow\" style=\"border-top-color: var(--wp--preset--color--contrast); border-top-width: 2px; padding: var(--wp--preset--spacing--30) var(--wp--preset--spacing--30) var(--wp--preset--spacing--10) var(--wp--preset--spacing--30);\">\r\n<h5 class=\"wp-block-heading has-text-align-center has-x-large-font-size\">70.000 Ft \/ \u00e9j<\/h5>\r\n\r\n\r\n\r\n<div class=\"wp-block-group is-vertical is-content-justification-stretch is-layout-flex wp-container-core-group-is-layout-3 wp-block-group-is-layout-flex\">\r\n<p class=\"has-text-align-center has-medium-font-size\">norm\u00e1l id\u0151szakban, kiemelt id\u0151szakokon k\u00edv\u00fcl.<\/p>\r\n\r\n\r\n\r\n<p class=\"has-text-align-center has-medium-font-size\">Kiemelt id\u0151szakokra k\u00e9rje egyedi aj\u00e1nlatunkat.<\/p>\r\n\r\n\r\n\r\n<p class=\"has-text-align-center\"><strong>Kiemelt id\u0151szakok:<\/strong><\/p>\r\n\r\n\r\n\r\n<p class=\"has-text-align-center\">\u00dcnnepnapok: H\u00fasv\u00e9t, P\u00fcnk\u00f6sd, Kar\u00e1csony \u00e9s Szilveszter k\u00f6z\u00f6tti id\u0151szak<\/p>\r\n\r\n\r\n\r\n<p class=\"has-text-align-center\">Ny\u00e1ri id\u0151szak: j\u00falius 1. &#8211; augusztus 31.<\/p>\r\n\r\n\r\n<hr class=\"wp-block-separator has-text-color has-contrast-3-color has-alpha-channel-opacity has-contrast-3-background-color has-background is-style-wide\" \/>\r\n\r\n\r\n<p class=\"has-text-align-center\"><strong>Minim\u00e1lis tart\u00f3zkod\u00e1s hossza: <\/strong><\/p>\r\n\r\n\r\n\r\n<p class=\"has-text-align-center\">Szezonon k\u00edv\u00fcl: minimum 2 \u00e9j<\/p>\r\n\r\n\r\n\r\n<p class=\"has-text-align-center\">J\u00faliusban \u00e9s augusztusban: minimum 4 \u00e9j<\/p>\r\n\r\n\r\n<hr class=\"wp-block-separator has-text-color has-contrast-3-color has-alpha-channel-opacity has-contrast-3-background-color has-background is-style-wide\" \/>\r\n\r\n\r\n<p class=\"has-text-align-center\">Az \u00e1rak nem tartalmazz\u00e1k az\u00a0<strong>Idegenforgalmi Ad\u00f3t<\/strong>\u00a0(IFA), amely<strong> 600\u00a0Ft\/f\u0151\/\u00e9j, <\/strong>18 \u00e9ves kor felett.\u00a0<\/p>\r\n\r\n\r\n\r\n<p class=\"has-text-align-center\">Fizet\u00e9si lehet\u0151s\u00e9gek: k\u00e9szp\u00e9nz, \u00e1tutal\u00e1s, OTP SZ\u00c9P k\u00e1rtya<\/p>\r\n\r\n\r\n\r\n<p class=\"has-text-align-center\">\u00c1RAINK FORINTBAN \u00c9RTEND\u0150EK \u00c9S TARTALMAZZ\u00c1K AZ \u00c1FA-T.<\/p>\r\n<\/div>\r\n\r\n\r\n\r\n<div class=\"wp-block-buttons is-content-justification-center is-layout-flex wp-container-core-buttons-is-layout-1 wp-block-buttons-is-layout-flex\">\r\n<div class=\"wp-block-button has-custom-width wp-block-button__width-100 has-custom-font-size is-style-fill has-large-font-size\"><a class=\"wp-block-button__link wp-element-button\" href=\"https:\/\/limeapartment.hu\/index.php\/kapcsolat\/#foglalas\">FOGLAL\u00c1S MOST<\/a><\/div>\r\n<\/div>\r\n<\/div>\r\n<\/div>\r\n\r\n\r\n\r\n<p class=\"has-large-font-size\">Foglal\u00e1si \u00e9s lemond\u00e1si felt\u00e9telek<\/p>\r\n\r\n\r\n\r\n<p>A foglal\u00e1si folyamat els\u0151 l\u00e9p\u00e9sek\u00e9nt a Vend\u00e9g emailben aj\u00e1nlatk\u00e9r\u00e9st k\u00fcld a Szolg\u00e1ltat\u00f3 r\u00e9sz\u00e9re. A Szolg\u00e1ltat\u00f3 ezt k\u00f6vet\u0151en megk\u00fcldi \u00e1raj\u00e1nlat\u00e1t a Vend\u00e9g r\u00e9sz\u00e9re. A Vend\u00e9gnek 2 napos t\u00fcrelmi id\u0151 \u00e1ll rendelkez\u00e9s\u00e9re az aj\u00e1nlat elfogad\u00e1s\u00e1ra, \u00e9s a foglal\u00e1s meger\u0151s\u00edt\u00e9s\u00e9re, melyet ezt k\u00f6vet\u0151en a Szolg\u00e1ltat\u00f3 \u00edr\u00e1sban igazol vissza. \u00a0Az \u00e1raj\u00e1nlatra t\u00f6rt\u00e9n\u0151 v\u00e1lasz hi\u00e1ny\u00e1ban az \u00e1raj\u00e1nlat 2\u00a0napos t\u00fcrelmi id\u0151 ut\u00e1n t\u00f6rl\u00e9sre ker\u00fcl. Foglal\u00e1s eset\u00e9n Vend\u00e9g elfogadja az \u00c1SZF-ben r\u00f6gz\u00edtett foglal\u00e1si \u00e9s lemond\u00e1si felt\u00e9teleket. A sz\u00f3ban leadott foglal\u00e1s, meg\u00e1llapod\u00e1s, m\u00f3dos\u00edt\u00e1s, vagy annak a Szolg\u00e1ltat\u00f3 \u00e1ltali sz\u00f3beli visszaigazol\u00e1sa nem szerz\u0151d\u00e9s \u00e9rt\u00e9k\u0171.<\/p>\r\n\r\n\r\n\r\n<p>Standard id\u0151szakban t\u00f6rt\u00e9n\u0151 foglal\u00e1s eset\u00e9n a lemond\u00e1s az \u00e9rkez\u00e9s napja el\u0151tt ingyenes. No show eset\u00e9n 1 \u00e9jszaka sz\u00e1ll\u00e1sd\u00edj ker\u00fcl kisz\u00e1ml\u00e1z\u00e1sra. \u00a0<\/p>\r\n\r\n\r\n\r\n<p>Kiemelt id\u0151szak eset\u00e9n a teljes sz\u00e1ll\u00e1sd\u00edj 30%-\u00e1nak el\u0151re fizet\u00e9se sz\u00fcks\u00e9ges 3 napon bel\u00fcl, mely az \u00e9rkez\u00e9s el\u0151tti 30 napig lemond\u00e1s eset\u00e9n visszaj\u00e1r. Lemond\u00e1s eset\u00e9n a 30 % k\u00f6tb\u00e9rk\u00e9nt ker\u00fcl felsz\u00e1m\u00edt\u00e1sra \u00e9s nem visszat\u00e9r\u00edthet\u0151. Amennyiben a k\u00e9rt \u00f6sszeg a megjel\u00f6lt hat\u00e1rnapig nem \u00e9rkezik meg a Szolg\u00e1ltat\u00f3hoz, ez esetben a Szolg\u00e1ltat\u00f3 aj\u00e1nlati \u00e9s szolg\u00e1ltat\u00e1si k\u00f6telezetts\u00e9ge is megsz\u0171nik.<\/p>\r\n\r\n\r\n\r\n<p>A 30% megfizet\u00e9se t\u00f6rt\u00e9nhet \u00e1tutal\u00e1ssal \u00e9s OTP Sz\u00e9p K\u00e1rty\u00e1val. A fennmarad\u00f3 sz\u00e1ll\u00e1sd\u00edj a kulcs \u00e1tv\u00e9telekor k\u00e9szp\u00e9nzben, \u00e1tutal\u00e1ssal (Banksz\u00e1mla tulajdonosa: Steiner Gy\u00f6rgy Istv\u00e1n, banksz\u00e1mlasz\u00e1m: 12100011-17683810) vagy OTP Sz\u00e9p K\u00e1rty\u00e1val fizetend\u0151.<\/p>\r\n\r\n\r\n\r\n<p class=\"has-large-font-size\">Bejelentkez\u00e9s \/ kijelentkez\u00e9s<\/p>\r\n\r\n\r\n\r\n<p><strong>Bejelentkez\u00e9s:<\/strong>\u00a0szem\u00e9lyes bejelentkez\u00e9s alapesetben 15:00 \u00f3ra \u00e9s 20:00 \u00f3ra k\u00f6z\u00f6tt lehets\u00e9ges (az ett\u0151l elt\u00e9r\u0151 id\u0151pontot egyeztetni sz\u00fcks\u00e9ges).\u00a0<\/p>\r\n\r\n\r\n\r\n<p>A sz\u00e1ll\u00e1shelyen egy\u00e9ni bejelentkez\u00e9sre (self check-in) is lehet\u0151s\u00e9g van, \u00edgy el\u0151fordulhat, hogy a sz\u00e1ll\u00e1sad\u00f3 nincs jelen a bejelentkez\u00e9sn\u00e9l.<\/p>\r\n\r\n\r\n\r\n<p><strong>Kijelentkez\u00e9s:<\/strong>\u00a010:00 \u00f3r\u00e1ig (az ett\u0151l elt\u00e9r\u0151 id\u0151pontot egyeztetni sz\u00fcks\u00e9ges).<\/p>\r\n\r\n\r\n\r\n<p><strong>Bejelentkez\u00e9si felt\u00e9telek:<\/strong><\/p>\r\n\r\n\r\n\r\n<ul class=\"wp-block-list\">\r\n<li>Bejelentkez\u00e9skor k\u00f6telez\u0151 a szem\u00e9lyes okm\u00e1nyok bemutat\u00e1sa a vend\u00e9gl\u00e1t\u00f3nak, melyet t\u00f6rv\u00e9ny \u00edr el\u0151. Ennek hi\u00e1ny\u00e1ban a sz\u00e1ll\u00e1shely szolg\u00e1ltat\u00f3 k\u00f6teles megtagadni a sz\u00e1ll\u00e1shely szolg\u00e1ltat\u00e1st. Tov\u00e1bbi inform\u00e1ci\u00f3k az <a href=\"https:\/\/limeapartment.hu\/index.php\/altalanos-szerzodesi-feltetelek\/\">\u00c1SZF-ben<\/a>.<\/li>\r\n<\/ul>\r\n\r\n\r\n\r\n<p class=\"has-large-font-size\">Egy\u00e9b felt\u00e9telek<\/p>\r\n\r\n\r\n\r\n<ul class=\"wp-block-list\">\r\n<li>18 \u00e9ves kor alatti gyermeket sz\u00fcl\u0151i fel\u00fcgyelet n\u00e9lk\u00fcl nem fogadunk.<\/li>\r\n\r\n\r\n\r\n<li>H\u00e1zi\u00e1llatot nem fogadunk.<\/li>\r\n\r\n\r\n\r\n<li>Doh\u00e1nyz\u00e1s kiz\u00e1r\u00f3lag k\u00fclt\u00e9ren lehets\u00e9ges.<\/li>\r\n\r\n\r\n\r\n<li>Napi takar\u00edt\u00e1s, t\u00f6r\u00fclk\u00f6z\u0151 \u00e9s \u00e1gynem\u0171csere nincs. Az \u00e1r a v\u00e9gtakar\u00edt\u00e1st tartalmazza.<\/li>\r\n<\/ul>\r\n\r\n\r\n\r\n<div class=\"wp-block-uagb-separator uagb-block-670aa13b\">\r\n<div class=\"wp-block-uagb-separator__inner\">\u00a0<\/div>\r\n<\/div>\r\n\r\n\r\n\r\n<div class=\"wp-block-uagb-call-to-action uagb-block-0880273f wp-block-button\">\r\n<div class=\"uagb-cta__wrap\">\r\n<h4 class=\"uagb-cta__title\">\u00c1ltal\u00e1nos Szerz\u0151d\u00e9si Felt\u00e9telek<\/h4>\r\n<p class=\"uagb-cta__desc\">Kattintson ide a r\u00e9szletes szerz\u0151d\u00e9si felt\u00e9telek megismer\u00e9s\u00e9hez.<\/p>\r\n<\/div>\r\n<div class=\"uagb-cta__buttons\"><a class=\"uagb-cta__button-link-wrapper wp-block-button__link\" href=\"https:\/\/limeapartment.hu\/index.php\/altalanos-szerzodesi-feltetelek\/\" target=\"_blank\" rel=\"noopener noreferrer\">Tov\u00e1bbi inform\u00e1ci\u00f3k <\/a><\/div>\r\n<\/div>\r\n<\/div>\r\n<\/div>\r\n","protected":false},"excerpt":{"rendered":"<p>Teljes h\u00e1z 10 f\u0151re Maxim\u00e1lis kapacit\u00e1s: 10 f\u0151 (6 f\u0151 norm\u00e1l + 4 f\u0151 p\u00f3t\u00e1gyon) 70.000 Ft \/ \u00e9j norm\u00e1l id\u0151szakban, kiemelt id\u0151szakokon k\u00edv\u00fcl. Kiemelt id\u0151szakokra k\u00e9rje egyedi aj\u00e1nlatunkat. Kiemelt id\u0151szakok: \u00dcnnepnapok: H\u00fasv\u00e9t, P\u00fcnk\u00f6sd, Kar\u00e1csony \u00e9s Szilveszter k\u00f6z\u00f6tti id\u0151szak Ny\u00e1ri id\u0151szak: j\u00falius 1. &#8211; augusztus 31. Minim\u00e1lis tart\u00f3zkod\u00e1s hossza: Szezonon k\u00edv\u00fcl: minimum 2 \u00e9j J\u00faliusban [&hellip;]<\/p>\n","protected":false},"author":2,"featured_media":0,"parent":0,"menu_order":0,"comment_status":"closed","ping_status":"closed","template":"","meta":{"_uag_custom_page_level_css":"","footnotes":""},"class_list":["post-107","page","type-page","status-publish","hentry"],"yoast_head":"<!-- This site is optimized with the Yoast SEO plugin v24.6 - https:\/\/yoast.com\/wordpress\/plugins\/seo\/ -->\n<title>\u00c1rak - Lime Apartment Zam\u00e1rdi***<\/title>\n<meta name=\"robots\" content=\"index, follow, max-snippet:-1, max-image-preview:large, max-video-preview:-1\" \/>\n<link rel=\"canonical\" href=\"https:\/\/limeapartment.hu\/index.php\/arak\/\" \/>\n<meta property=\"og:locale\" content=\"hu_HU\" \/>\n<meta property=\"og:type\" content=\"article\" \/>\n<meta property=\"og:title\" content=\"\u00c1rak - Lime Apartment Zam\u00e1rdi***\" \/>\n<meta property=\"og:description\" content=\"Teljes h\u00e1z 10 f\u0151re Maxim\u00e1lis kapacit\u00e1s: 10 f\u0151 (6 f\u0151 norm\u00e1l + 4 f\u0151 p\u00f3t\u00e1gyon) 70.000 Ft \/ \u00e9j norm\u00e1l id\u0151szakban, kiemelt id\u0151szakokon k\u00edv\u00fcl. Kiemelt id\u0151szakokra k\u00e9rje egyedi aj\u00e1nlatunkat. Kiemelt id\u0151szakok: \u00dcnnepnapok: H\u00fasv\u00e9t, P\u00fcnk\u00f6sd, Kar\u00e1csony \u00e9s Szilveszter k\u00f6z\u00f6tti id\u0151szak Ny\u00e1ri id\u0151szak: j\u00falius 1. &#8211; augusztus 31. Minim\u00e1lis tart\u00f3zkod\u00e1s hossza: Szezonon k\u00edv\u00fcl: minimum 2 \u00e9j J\u00faliusban [&hellip;]\" \/>\n<meta property=\"og:url\" content=\"https:\/\/limeapartment.hu\/index.php\/arak\/\" \/>\n<meta property=\"og:site_name\" content=\"Lime Apartment Zam\u00e1rdi***\" \/>\n<meta property=\"article:publisher\" content=\"https:\/\/www.facebook.com\/lime.apartment.zamardi\" \/>\n<meta property=\"article:modified_time\" content=\"2026-02-18T10:18:35+00:00\" \/>\n<meta property=\"og:image\" content=\"https:\/\/limeapartment.hu\/wp-content\/uploads\/2024\/12\/IMG_1318-1024x768.jpg\" \/>\n<meta name=\"twitter:card\" content=\"summary_large_image\" \/>\n<meta name=\"twitter:label1\" content=\"Becs\u00fclt olvas\u00e1si id\u0151\" \/>\n\t<meta name=\"twitter:data1\" content=\"3 perc\" \/>\n<script type=\"application\/ld+json\" class=\"yoast-schema-graph\">{\"@context\":\"https:\/\/schema.org\",\"@graph\":[{\"@type\":\"WebPage\",\"@id\":\"https:\/\/limeapartment.hu\/index.php\/arak\/\",\"url\":\"https:\/\/limeapartment.hu\/index.php\/arak\/\",\"name\":\"\u00c1rak - Lime Apartment Zam\u00e1rdi***\",\"isPartOf\":{\"@id\":\"https:\/\/limeapartment.hu\/#website\"},\"primaryImageOfPage\":{\"@id\":\"https:\/\/limeapartment.hu\/index.php\/arak\/#primaryimage\"},\"image\":{\"@id\":\"https:\/\/limeapartment.hu\/index.php\/arak\/#primaryimage\"},\"thumbnailUrl\":\"https:\/\/limeapartment.hu\/wp-content\/uploads\/2024\/12\/IMG_1318-1024x768.jpg\",\"datePublished\":\"2024-11-25T09:36:36+00:00\",\"dateModified\":\"2026-02-18T10:18:35+00:00\",\"breadcrumb\":{\"@id\":\"https:\/\/limeapartment.hu\/index.php\/arak\/#breadcrumb\"},\"inLanguage\":\"hu\",\"potentialAction\":[{\"@type\":\"ReadAction\",\"target\":[\"https:\/\/limeapartment.hu\/index.php\/arak\/\"]}]},{\"@type\":\"ImageObject\",\"inLanguage\":\"hu\",\"@id\":\"https:\/\/limeapartment.hu\/index.php\/arak\/#primaryimage\",\"url\":\"https:\/\/limeapartment.hu\/wp-content\/uploads\/2024\/12\/IMG_1318-scaled.jpg\",\"contentUrl\":\"https:\/\/limeapartment.hu\/wp-content\/uploads\/2024\/12\/IMG_1318-scaled.jpg\",\"width\":2560,\"height\":1920,\"caption\":\"Kert\"},{\"@type\":\"BreadcrumbList\",\"@id\":\"https:\/\/limeapartment.hu\/index.php\/arak\/#breadcrumb\",\"itemListElement\":[{\"@type\":\"ListItem\",\"position\":1,\"name\":\"Kezd\u0151lap\",\"item\":\"https:\/\/limeapartment.hu\/\"},{\"@type\":\"ListItem\",\"position\":2,\"name\":\"\u00c1rak\"}]},{\"@type\":\"WebSite\",\"@id\":\"https:\/\/limeapartment.hu\/#website\",\"url\":\"https:\/\/limeapartment.hu\/\",\"name\":\"Lime Apartment Zam\u00e1rdi***\",\"description\":\"Csal\u00e1dbar\u00e1t, ker\u00e9kp\u00e1ros sz\u00e1ll\u00e1shely a Balatonn\u00e1l\",\"publisher\":{\"@id\":\"https:\/\/limeapartment.hu\/#organization\"},\"potentialAction\":[{\"@type\":\"SearchAction\",\"target\":{\"@type\":\"EntryPoint\",\"urlTemplate\":\"https:\/\/limeapartment.hu\/?s={search_term_string}\"},\"query-input\":{\"@type\":\"PropertyValueSpecification\",\"valueRequired\":true,\"valueName\":\"search_term_string\"}}],\"inLanguage\":\"hu\"},{\"@type\":\"Organization\",\"@id\":\"https:\/\/limeapartment.hu\/#organization\",\"name\":\"Lime Apartment Zam\u00e1rdi***\",\"url\":\"https:\/\/limeapartment.hu\/\",\"logo\":{\"@type\":\"ImageObject\",\"inLanguage\":\"hu\",\"@id\":\"https:\/\/limeapartment.hu\/#\/schema\/logo\/image\/\",\"url\":\"https:\/\/limeapartment.hu\/wp-content\/uploads\/2024\/11\/cropped-Lime_Apartment_Zamardi_white_logo_main-removebg.webp\",\"contentUrl\":\"https:\/\/limeapartment.hu\/wp-content\/uploads\/2024\/11\/cropped-Lime_Apartment_Zamardi_white_logo_main-removebg.webp\",\"width\":240,\"height\":145,\"caption\":\"Lime Apartment Zam\u00e1rdi***\"},\"image\":{\"@id\":\"https:\/\/limeapartment.hu\/#\/schema\/logo\/image\/\"},\"sameAs\":[\"https:\/\/www.facebook.com\/lime.apartment.zamardi\",\"https:\/\/www.instagram.com\/limeapartmentzamardi\"]}]}<\/script>\n<!-- \/ Yoast SEO plugin. -->","yoast_head_json":{"title":"\u00c1rak - Lime Apartment Zam\u00e1rdi***","robots":{"index":"index","follow":"follow","max-snippet":"max-snippet:-1","max-image-preview":"max-image-preview:large","max-video-preview":"max-video-preview:-1"},"canonical":"https:\/\/limeapartment.hu\/index.php\/arak\/","og_locale":"hu_HU","og_type":"article","og_title":"\u00c1rak - Lime Apartment Zam\u00e1rdi***","og_description":"Teljes h\u00e1z 10 f\u0151re Maxim\u00e1lis kapacit\u00e1s: 10 f\u0151 (6 f\u0151 norm\u00e1l + 4 f\u0151 p\u00f3t\u00e1gyon) 70.000 Ft \/ \u00e9j norm\u00e1l id\u0151szakban, kiemelt id\u0151szakokon k\u00edv\u00fcl. Kiemelt id\u0151szakokra k\u00e9rje egyedi aj\u00e1nlatunkat. Kiemelt id\u0151szakok: \u00dcnnepnapok: H\u00fasv\u00e9t, P\u00fcnk\u00f6sd, Kar\u00e1csony \u00e9s Szilveszter k\u00f6z\u00f6tti id\u0151szak Ny\u00e1ri id\u0151szak: j\u00falius 1. &#8211; augusztus 31. Minim\u00e1lis tart\u00f3zkod\u00e1s hossza: Szezonon k\u00edv\u00fcl: minimum 2 \u00e9j J\u00faliusban [&hellip;]","og_url":"https:\/\/limeapartment.hu\/index.php\/arak\/","og_site_name":"Lime Apartment Zam\u00e1rdi***","article_publisher":"https:\/\/www.facebook.com\/lime.apartment.zamardi","article_modified_time":"2026-02-18T10:18:35+00:00","og_image":[{"url":"https:\/\/limeapartment.hu\/wp-content\/uploads\/2024\/12\/IMG_1318-1024x768.jpg","type":"","width":"","height":""}],"twitter_card":"summary_large_image","twitter_misc":{"Becs\u00fclt olvas\u00e1si id\u0151":"3 perc"},"schema":{"@context":"https:\/\/schema.org","@graph":[{"@type":"WebPage","@id":"https:\/\/limeapartment.hu\/index.php\/arak\/","url":"https:\/\/limeapartment.hu\/index.php\/arak\/","name":"\u00c1rak - Lime Apartment Zam\u00e1rdi***","isPartOf":{"@id":"https:\/\/limeapartment.hu\/#website"},"primaryImageOfPage":{"@id":"https:\/\/limeapartment.hu\/index.php\/arak\/#primaryimage"},"image":{"@id":"https:\/\/limeapartment.hu\/index.php\/arak\/#primaryimage"},"thumbnailUrl":"https:\/\/limeapartment.hu\/wp-content\/uploads\/2024\/12\/IMG_1318-1024x768.jpg","datePublished":"2024-11-25T09:36:36+00:00","dateModified":"2026-02-18T10:18:35+00:00","breadcrumb":{"@id":"https:\/\/limeapartment.hu\/index.php\/arak\/#breadcrumb"},"inLanguage":"hu","potentialAction":[{"@type":"ReadAction","target":["https:\/\/limeapartment.hu\/index.php\/arak\/"]}]},{"@type":"ImageObject","inLanguage":"hu","@id":"https:\/\/limeapartment.hu\/index.php\/arak\/#primaryimage","url":"https:\/\/limeapartment.hu\/wp-content\/uploads\/2024\/12\/IMG_1318-scaled.jpg","contentUrl":"https:\/\/limeapartment.hu\/wp-content\/uploads\/2024\/12\/IMG_1318-scaled.jpg","width":2560,"height":1920,"caption":"Kert"},{"@type":"BreadcrumbList","@id":"https:\/\/limeapartment.hu\/index.php\/arak\/#breadcrumb","itemListElement":[{"@type":"ListItem","position":1,"name":"Kezd\u0151lap","item":"https:\/\/limeapartment.hu\/"},{"@type":"ListItem","position":2,"name":"\u00c1rak"}]},{"@type":"WebSite","@id":"https:\/\/limeapartment.hu\/#website","url":"https:\/\/limeapartment.hu\/","name":"Lime Apartment Zam\u00e1rdi***","description":"Csal\u00e1dbar\u00e1t, ker\u00e9kp\u00e1ros sz\u00e1ll\u00e1shely a Balatonn\u00e1l","publisher":{"@id":"https:\/\/limeapartment.hu\/#organization"},"potentialAction":[{"@type":"SearchAction","target":{"@type":"EntryPoint","urlTemplate":"https:\/\/limeapartment.hu\/?s={search_term_string}"},"query-input":{"@type":"PropertyValueSpecification","valueRequired":true,"valueName":"search_term_string"}}],"inLanguage":"hu"},{"@type":"Organization","@id":"https:\/\/limeapartment.hu\/#organization","name":"Lime Apartment Zam\u00e1rdi***","url":"https:\/\/limeapartment.hu\/","logo":{"@type":"ImageObject","inLanguage":"hu","@id":"https:\/\/limeapartment.hu\/#\/schema\/logo\/image\/","url":"https:\/\/limeapartment.hu\/wp-content\/uploads\/2024\/11\/cropped-Lime_Apartment_Zamardi_white_logo_main-removebg.webp","contentUrl":"https:\/\/limeapartment.hu\/wp-content\/uploads\/2024\/11\/cropped-Lime_Apartment_Zamardi_white_logo_main-removebg.webp","width":240,"height":145,"caption":"Lime Apartment Zam\u00e1rdi***"},"image":{"@id":"https:\/\/limeapartment.hu\/#\/schema\/logo\/image\/"},"sameAs":["https:\/\/www.facebook.com\/lime.apartment.zamardi","https:\/\/www.instagram.com\/limeapartmentzamardi"]}]}},"uagb_featured_image_src":{"full":false,"thumbnail":false,"medium":false,"medium_large":false,"large":false,"1536x1536":false,"2048x2048":false},"uagb_author_info":{"display_name":"a","author_link":"https:\/\/limeapartment.hu\/index.php\/author\/anita\/"},"uagb_comment_info":0,"uagb_excerpt":"Teljes h\u00e1z 10 f\u0151re Maxim\u00e1lis kapacit\u00e1s: 10 f\u0151 (6 f\u0151 norm\u00e1l + 4 f\u0151 p\u00f3t\u00e1gyon) 70.000 Ft \/ \u00e9j norm\u00e1l id\u0151szakban, kiemelt id\u0151szakokon k\u00edv\u00fcl. Kiemelt id\u0151szakokra k\u00e9rje egyedi aj\u00e1nlatunkat. Kiemelt id\u0151szakok: \u00dcnnepnapok: H\u00fasv\u00e9t, P\u00fcnk\u00f6sd, Kar\u00e1csony \u00e9s Szilveszter k\u00f6z\u00f6tti id\u0151szak Ny\u00e1ri id\u0151szak: j\u00falius 1. &#8211; augusztus 31. Minim\u00e1lis tart\u00f3zkod\u00e1s hossza: Szezonon k\u00edv\u00fcl: minimum 2 \u00e9j J\u00faliusban&hellip;","jetpack_sharing_enabled":true,"_links":{"self":[{"href":"https:\/\/limeapartment.hu\/index.php\/wp-json\/wp\/v2\/pages\/107","targetHints":{"allow":["GET"]}}],"collection":[{"href":"https:\/\/limeapartment.hu\/index.php\/wp-json\/wp\/v2\/pages"}],"about":[{"href":"https:\/\/limeapartment.hu\/index.php\/wp-json\/wp\/v2\/types\/page"}],"author":[{"embeddable":true,"href":"https:\/\/limeapartment.hu\/index.php\/wp-json\/wp\/v2\/users\/2"}],"replies":[{"embeddable":true,"href":"https:\/\/limeapartment.hu\/index.php\/wp-json\/wp\/v2\/comments?post=107"}],"version-history":[{"count":18,"href":"https:\/\/limeapartment.hu\/index.php\/wp-json\/wp\/v2\/pages\/107\/revisions"}],"predecessor-version":[{"id":804,"href":"https:\/\/limeapartment.hu\/index.php\/wp-json\/wp\/v2\/pages\/107\/revisions\/804"}],"wp:attachment":[{"href":"https:\/\/limeapartment.hu\/index.php\/wp-json\/wp\/v2\/media?parent=107"}],"curies":[{"name":"wp","href":"https:\/\/api.w.org\/{rel}","templated":true}]}}